{"id":68,"date":"2024-07-05T14:53:35","date_gmt":"2024-07-05T12:53:35","guid":{"rendered":"http:\/\/jnosaxo.band\/?page_id=68"},"modified":"2024-07-12T12:51:02","modified_gmt":"2024-07-12T10:51:02","slug":"bienvenue-sur-le-site-officiel-de-jnosaxo","status":"publish","type":"page","link":"https:\/\/jnosaxo.band\/","title":{"rendered":"Accueil"},"content":{"rendered":"<div class=\"wp-block-image\">\n<figure class=\"aligncenter size-large is-resized\"><img loading=\"lazy\" decoding=\"async\" width=\"1024\" height=\"768\" src=\"http:\/\/jnosaxo.band\/wp-content\/uploads\/2024\/07\/IMG-20240709-WA0007-1024x768.jpg\" alt=\"\" class=\"wp-image-134\" style=\"width:440px;height:auto\" srcset=\"https:\/\/jnosaxo.band\/wp-content\/uploads\/2024\/07\/IMG-20240709-WA0007-1024x768.jpg 1024w, https:\/\/jnosaxo.band\/wp-content\/uploads\/2024\/07\/IMG-20240709-WA0007-300x225.jpg 300w, https:\/\/jnosaxo.band\/wp-content\/uploads\/2024\/07\/IMG-20240709-WA0007-768x576.jpg 768w, https:\/\/jnosaxo.band\/wp-content\/uploads\/2024\/07\/IMG-20240709-WA0007-1536x1152.jpg 1536w, https:\/\/jnosaxo.band\/wp-content\/uploads\/2024\/07\/IMG-20240709-WA0007.jpg 1600w\" sizes=\"auto, (max-width: 1024px) 100vw, 1024px\" \/><\/figure>\n<\/div>\n\n\n<p class=\"has-text-align-center\">La musique est le sourire et le\u00a0 bien \u00eatre dans le c\u0153ur.<\/p>\n\n\n\n<p>Jno est attir\u00e9 par la musique depuis sa tendre enfance en commen\u00e7ant par la fl\u00fbte au sein de sa scolarit\u00e9. Il commence le solf\u00e8ge d\u00e8s l\u2019\u00e2ge de sept ans au sein d\u2019une \u00e9cole de musique communale et associative. A partir de ses dix ans il apprendra le saxophone et fera partie int\u00e9grante d\u2019une harmonie de quarante musiciens en amateur. Le syst\u00e8me soci\u00e9taire et musical lui donnera envie d\u2019approfondir ses connaissances et d\u2019avancer toujours plus loin. Il deviendra naturellement curieux de toucher \u00e0 plusieurs instruments par la suite, comme la guitare, le piano, la batterie entre autre. Sachant lire et \u00e9crire la musique cela lui permettra de poss\u00e9der de bonnes bases pour jouer dans de multiples formations et interpr\u00e9ter des musiques de diff\u00e9rents styles avec de nombreux musiciens.<br>Jouant en \u00ab Free-Lance \u00bb dans divers quartet et quintet de jazz et vari\u00e9t\u00e9 il enrichi ses exp\u00e9riences depuis maintenant de nombreuses ann\u00e9es.<br>Il joue actuellement r\u00e9guli\u00e8rement dans diff\u00e9rentes communes de France, suisse et en international jusqu\u2019en Ouzb\u00e9kistan, il fait partie de deux formations professionnelles et en tant que Saxophoniste solo. Cela pour votre plus grand bonheur.<\/p>\n","protected":false},"excerpt":{"rendered":"<p>La musique est le sourire et le\u00a0 bien \u00eatre dans le c\u0153ur. Jno est attir\u00e9 par la musique depuis sa tendre enfance en commen\u00e7ant par la fl\u00fbte au sein de sa scolarit\u00e9. Il commence le solf\u00e8ge d\u00e8s l\u2019\u00e2ge de sept ans au sein d\u2019une \u00e9cole de musique communale et associative. A partir de ses dix [&hellip;]<\/p>\n","protected":false},"author":1,"featured_media":0,"parent":0,"menu_order":0,"comment_status":"closed","ping_status":"closed","template":"","meta":{"footnotes":""},"class_list":["post-68","page","type-page","status-publish","hentry"],"_links":{"self":[{"href":"https:\/\/jnosaxo.band\/index.php\/wp-json\/wp\/v2\/pages\/68","targetHints":{"allow":["GET"]}}],"collection":[{"href":"https:\/\/jnosaxo.band\/index.php\/wp-json\/wp\/v2\/pages"}],"about":[{"href":"https:\/\/jnosaxo.band\/index.php\/wp-json\/wp\/v2\/types\/page"}],"author":[{"embeddable":true,"href":"https:\/\/jnosaxo.band\/index.php\/wp-json\/wp\/v2\/users\/1"}],"replies":[{"embeddable":true,"href":"https:\/\/jnosaxo.band\/index.php\/wp-json\/wp\/v2\/comments?post=68"}],"version-history":[{"count":6,"href":"https:\/\/jnosaxo.band\/index.php\/wp-json\/wp\/v2\/pages\/68\/revisions"}],"predecessor-version":[{"id":145,"href":"https:\/\/jnosaxo.band\/index.php\/wp-json\/wp\/v2\/pages\/68\/revisions\/145"}],"wp:attachment":[{"href":"https:\/\/jnosaxo.band\/index.php\/wp-json\/wp\/v2\/media?parent=68"}],"curies":[{"name":"wp","href":"https:\/\/api.w.org\/{rel}","templated":true}]}}