{"id":20,"date":"2024-07-05T13:44:53","date_gmt":"2024-07-05T11:44:53","guid":{"rendered":"http:\/\/jnosaxo.band\/?page_id=20"},"modified":"2024-07-12T09:55:53","modified_gmt":"2024-07-12T07:55:53","slug":"jnosaxo-the-moonlight-gang","status":"publish","type":"page","link":"https:\/\/jnosaxo.band\/index.php\/jnosaxo-the-moonlight-gang\/","title":{"rendered":"JNOSAXO  &amp; The Moonlight Gang"},"content":{"rendered":"\n<figure class=\"wp-block-image size-large\"><img loading=\"lazy\" decoding=\"async\" width=\"1024\" height=\"683\" src=\"http:\/\/jnosaxo.band\/wp-content\/uploads\/2024\/07\/IMG-20240630-WA0003-1024x683.jpg\" alt=\"JNOSAXO &amp; The Moonlight Gang\" class=\"wp-image-51\" srcset=\"https:\/\/jnosaxo.band\/wp-content\/uploads\/2024\/07\/IMG-20240630-WA0003-1024x683.jpg 1024w, https:\/\/jnosaxo.band\/wp-content\/uploads\/2024\/07\/IMG-20240630-WA0003-300x200.jpg 300w, https:\/\/jnosaxo.band\/wp-content\/uploads\/2024\/07\/IMG-20240630-WA0003-768x512.jpg 768w, https:\/\/jnosaxo.band\/wp-content\/uploads\/2024\/07\/IMG-20240630-WA0003-1536x1024.jpg 1536w, https:\/\/jnosaxo.band\/wp-content\/uploads\/2024\/07\/IMG-20240630-WA0003.jpg 1771w\" sizes=\"auto, (max-width: 1024px) 100vw, 1024px\" \/><\/figure>\n\n\n\n<p><strong>Jnosaxo et The Moonlight Gang<\/strong><\/p>\n\n\n\n<p>est une formation de quatre musiciens jouant et chantant du Swing\u2019n Blues dans la plus pure tradition des Ballroom. Les musiciens et chanteur embellissent vos soir\u00e9es et vous ne pouvez r\u00e9sister de danser sur des rythmes endiabl\u00e9s de l\u2019\u00e9poque de la prohibition. Cette \u00e9quipe de choc, se connaissant depuis de maintes ann\u00e9es, jouent les instruments tels que le piano jou\u00e9 en style Rag Time (Guillaume Buro), la batterie, guitare et contrebasse (Roman Bader), la guitare et le chant (Yannick Darbellay) et les saxophones T\u00e9nor et Soprano (Jno).<\/p>\n\n\n\n<div class=\"wp-block-columns is-layout-flex wp-container-core-columns-is-layout-9d6595d7 wp-block-columns-is-layout-flex\">\n<div class=\"wp-block-column is-layout-flow wp-block-column-is-layout-flow\">\n<figure class=\"wp-block-embed is-type-video is-provider-youtube wp-block-embed-youtube wp-embed-aspect-16-9 wp-has-aspect-ratio\"><div class=\"wp-block-embed__wrapper\">\n<iframe loading=\"lazy\" title=\"Basin Street Blues Spencer Williams by Jno &amp; The Moonlight Gang\" width=\"500\" height=\"281\" src=\"https:\/\/www.youtube.com\/embed\/L2zWbaWgwrM?feature=oembed\" frameborder=\"0\" allow=\"accelerometer; autoplay; clipboard-write; encrypted-media; gyroscope; picture-in-picture; web-share\" referrerpolicy=\"strict-origin-when-cross-origin\" allowfullscreen><\/iframe>\n<\/div><\/figure>\n<\/div>\n\n\n\n<div class=\"wp-block-column is-layout-flow wp-block-column-is-layout-flow\"><\/div>\n\n\n\n<div class=\"wp-block-column is-layout-flow wp-block-column-is-layout-flow\">\n<figure class=\"wp-block-embed is-type-video is-provider-youtube wp-block-embed-youtube wp-embed-aspect-16-9 wp-has-aspect-ratio\"><div class=\"wp-block-embed__wrapper\">\n<iframe loading=\"lazy\" title=\"Hit That Jive, Jack  Skeets Tolbert by Jno &amp; The Moonlight Gang\" width=\"500\" height=\"281\" src=\"https:\/\/www.youtube.com\/embed\/YaL9qipWhtg?feature=oembed\" frameborder=\"0\" allow=\"accelerometer; autoplay; clipboard-write; encrypted-media; gyroscope; picture-in-picture; web-share\" referrerpolicy=\"strict-origin-when-cross-origin\" allowfullscreen><\/iframe>\n<\/div><\/figure>\n<\/div>\n<\/div>\n","protected":false},"excerpt":{"rendered":"<p>Jnosaxo et The Moonlight Gang est une formation de quatre musiciens jouant et chantant du Swing\u2019n Blues dans la plus pure tradition des Ballroom. Les musiciens et chanteur embellissent vos soir\u00e9es et vous ne pouvez r\u00e9sister de danser sur des rythmes endiabl\u00e9s de l\u2019\u00e9poque de la prohibition. Cette \u00e9quipe de choc, se connaissant depuis de [&hellip;]<\/p>\n","protected":false},"author":1,"featured_media":0,"parent":0,"menu_order":0,"comment_status":"closed","ping_status":"closed","template":"","meta":{"footnotes":""},"class_list":["post-20","page","type-page","status-publish","hentry"],"_links":{"self":[{"href":"https:\/\/jnosaxo.band\/index.php\/wp-json\/wp\/v2\/pages\/20","targetHints":{"allow":["GET"]}}],"collection":[{"href":"https:\/\/jnosaxo.band\/index.php\/wp-json\/wp\/v2\/pages"}],"about":[{"href":"https:\/\/jnosaxo.band\/index.php\/wp-json\/wp\/v2\/types\/page"}],"author":[{"embeddable":true,"href":"https:\/\/jnosaxo.band\/index.php\/wp-json\/wp\/v2\/users\/1"}],"replies":[{"embeddable":true,"href":"https:\/\/jnosaxo.band\/index.php\/wp-json\/wp\/v2\/comments?post=20"}],"version-history":[{"count":5,"href":"https:\/\/jnosaxo.band\/index.php\/wp-json\/wp\/v2\/pages\/20\/revisions"}],"predecessor-version":[{"id":96,"href":"https:\/\/jnosaxo.band\/index.php\/wp-json\/wp\/v2\/pages\/20\/revisions\/96"}],"wp:attachment":[{"href":"https:\/\/jnosaxo.band\/index.php\/wp-json\/wp\/v2\/media?parent=20"}],"curies":[{"name":"wp","href":"https:\/\/api.w.org\/{rel}","templated":true}]}}