{"id":18,"date":"2024-07-05T13:44:39","date_gmt":"2024-07-05T11:44:39","guid":{"rendered":"http:\/\/jnosaxo.band\/?page_id=18"},"modified":"2024-07-12T09:53:57","modified_gmt":"2024-07-12T07:53:57","slug":"jnosaxo-the-macadam-swingers","status":"publish","type":"page","link":"https:\/\/jnosaxo.band\/index.php\/jnosaxo-the-macadam-swingers\/","title":{"rendered":"JNOSAXO  &amp; The Macadam Swingers"},"content":{"rendered":"\n<figure class=\"wp-block-image size-large\"><img loading=\"lazy\" decoding=\"async\" width=\"1024\" height=\"577\" src=\"http:\/\/jnosaxo.band\/wp-content\/uploads\/2024\/07\/IMG_20240702_164452-1024x577.jpg\" alt=\"JNOSAXO et The Macadam Swingers\" class=\"wp-image-41\" srcset=\"https:\/\/jnosaxo.band\/wp-content\/uploads\/2024\/07\/IMG_20240702_164452-1024x577.jpg 1024w, https:\/\/jnosaxo.band\/wp-content\/uploads\/2024\/07\/IMG_20240702_164452-300x169.jpg 300w, https:\/\/jnosaxo.band\/wp-content\/uploads\/2024\/07\/IMG_20240702_164452-768x433.jpg 768w, https:\/\/jnosaxo.band\/wp-content\/uploads\/2024\/07\/IMG_20240702_164452-1536x866.jpg 1536w, https:\/\/jnosaxo.band\/wp-content\/uploads\/2024\/07\/IMG_20240702_164452-2048x1155.jpg 2048w\" sizes=\"auto, (max-width: 1024px) 100vw, 1024px\" \/><\/figure>\n\n\n\n<p><strong>Macadam Swingers<\/strong><\/p>\n\n\n\n<p>est un groupe de cinq musiciens jouant en acoustique, c\u2019est-\u00e0-dire sans aucun ampli ni besoin d\u2019\u00e9lectricit\u00e9. La formation peut animer des f\u00eates \u00e0 l\u2019int\u00e9rieur comme&nbsp; en plein air dans le jardin. Le style de musique Jazz New Orleans est vivant et joyeux. Les morceaux vont de Petite fleur de Sydnet Bechet \u00e0 When The Saints go Marchin\u2019in de James Milton Black. Jou\u00e9 par des musiciens champions professionnels, on peut appr\u00e9cier les instruments traditionnels tels que la Contrebasse (Nicolas Penz), le Banjo (Alex Saintives et Sebastien Venturini), le Wash Board (Alain Fiocca) (Planche \u00e0 Laver typique de l\u2019\u00e9poque fin du 19 \u00e8me), le trombone \u00e0 coulisse et les saxophones Tenor et Soprano (Jno)<\/p>\n\n\n\n<div class=\"wp-block-columns is-layout-flex wp-container-core-columns-is-layout-9d6595d7 wp-block-columns-is-layout-flex\">\n<div class=\"wp-block-column is-layout-flow wp-block-column-is-layout-flow\"><\/div>\n\n\n\n<div class=\"wp-block-column is-layout-flow wp-block-column-is-layout-flow\">\n<figure class=\"wp-block-embed is-type-video is-provider-youtube wp-block-embed-youtube wp-embed-aspect-16-9 wp-has-aspect-ratio\"><div class=\"wp-block-embed__wrapper\">\n<iframe loading=\"lazy\" title=\"Chinaboy- Dick Winfree and Street Blues by Jnosaxo Jazz New Orleans\" width=\"500\" height=\"281\" src=\"https:\/\/www.youtube.com\/embed\/iZMtfs9YwQY?feature=oembed\" frameborder=\"0\" allow=\"accelerometer; autoplay; clipboard-write; encrypted-media; gyroscope; picture-in-picture; web-share\" referrerpolicy=\"strict-origin-when-cross-origin\" allowfullscreen><\/iframe>\n<\/div><\/figure>\n<\/div>\n\n\n\n<div class=\"wp-block-column is-layout-flow wp-block-column-is-layout-flow\"><\/div>\n<\/div>\n","protected":false},"excerpt":{"rendered":"<p>Macadam Swingers est un groupe de cinq musiciens jouant en acoustique, c\u2019est-\u00e0-dire sans aucun ampli ni besoin d\u2019\u00e9lectricit\u00e9. La formation peut animer des f\u00eates \u00e0 l\u2019int\u00e9rieur comme&nbsp; en plein air dans le jardin. Le style de musique Jazz New Orleans est vivant et joyeux. Les morceaux vont de Petite fleur de Sydnet Bechet \u00e0 When [&hellip;]<\/p>\n","protected":false},"author":1,"featured_media":0,"parent":0,"menu_order":0,"comment_status":"closed","ping_status":"closed","template":"","meta":{"footnotes":""},"class_list":["post-18","page","type-page","status-publish","hentry"],"_links":{"self":[{"href":"https:\/\/jnosaxo.band\/index.php\/wp-json\/wp\/v2\/pages\/18","targetHints":{"allow":["GET"]}}],"collection":[{"href":"https:\/\/jnosaxo.band\/index.php\/wp-json\/wp\/v2\/pages"}],"about":[{"href":"https:\/\/jnosaxo.band\/index.php\/wp-json\/wp\/v2\/types\/page"}],"author":[{"embeddable":true,"href":"https:\/\/jnosaxo.band\/index.php\/wp-json\/wp\/v2\/users\/1"}],"replies":[{"embeddable":true,"href":"https:\/\/jnosaxo.band\/index.php\/wp-json\/wp\/v2\/comments?post=18"}],"version-history":[{"count":5,"href":"https:\/\/jnosaxo.band\/index.php\/wp-json\/wp\/v2\/pages\/18\/revisions"}],"predecessor-version":[{"id":93,"href":"https:\/\/jnosaxo.band\/index.php\/wp-json\/wp\/v2\/pages\/18\/revisions\/93"}],"wp:attachment":[{"href":"https:\/\/jnosaxo.band\/index.php\/wp-json\/wp\/v2\/media?parent=18"}],"curies":[{"name":"wp","href":"https:\/\/api.w.org\/{rel}","templated":true}]}}