{"id":16,"date":"2024-07-05T13:45:02","date_gmt":"2024-07-05T11:45:02","guid":{"rendered":"http:\/\/jnosaxo.band\/?page_id=16"},"modified":"2024-07-12T09:51:08","modified_gmt":"2024-07-12T07:51:08","slug":"jnosaxo-covers-radio","status":"publish","type":"page","link":"https:\/\/jnosaxo.band\/index.php\/jnosaxo-covers-radio\/","title":{"rendered":"JNOSAXO &#8211; Covers Radio"},"content":{"rendered":"\n<figure class=\"wp-block-image size-large\"><img loading=\"lazy\" decoding=\"async\" width=\"1024\" height=\"576\" src=\"http:\/\/jnosaxo.band\/wp-content\/uploads\/2024\/07\/Imag-DMonk-1024x576.jpg\" alt=\"Covers\" class=\"wp-image-34\" srcset=\"https:\/\/jnosaxo.band\/wp-content\/uploads\/2024\/07\/Imag-DMonk-1024x576.jpg 1024w, https:\/\/jnosaxo.band\/wp-content\/uploads\/2024\/07\/Imag-DMonk-300x169.jpg 300w, https:\/\/jnosaxo.band\/wp-content\/uploads\/2024\/07\/Imag-DMonk-768x432.jpg 768w, https:\/\/jnosaxo.band\/wp-content\/uploads\/2024\/07\/Imag-DMonk-1536x864.jpg 1536w, https:\/\/jnosaxo.band\/wp-content\/uploads\/2024\/07\/Imag-DMonk.jpg 1920w\" sizes=\"auto, (max-width: 1024px) 100vw, 1024px\" \/><\/figure>\n\n\n\n<p>Une grande exp\u00e9rience dans le domaine de la musique et de l&#8217;animation me permet de mettre \u00e0 disposition, encore et toujours, mes services afin de r\u00e9ussir votre f\u00eate de mariage, anniversaire, comit\u00e9 d&#8217;entreprise, bal, Ap\u00e9ritif Saxophone.<\/p>\n\n\n\n<p>Pour les f\u00eates de mariage, apr\u00e8s une demande sur vos attentes se rapportant \u00e0 l&#8217;animation souhait\u00e9e, Jnosaxo vous propose&nbsp; des airs actuels modernes que l\u2019on entend \u00e0 la radio, ainsi que du Jazz et de la Bossa Nova interpr\u00e9t\u00e9s par le son feutr\u00e9 et envo\u00fbtant du saxophone,&nbsp; seul ou \u00e0 plusieurs musiciens, durant l&#8217;ap\u00e9ritif.<\/p>\n\n\n\n<p>Pour accompagner le repas de courtes animations seront gliss\u00e9es entre les plats. La complicit\u00e9 avec le traiteur ou le restaurateur sera au rendez-vous en vue de bien coordonner le d\u00e9roulement de l\u2019\u00e9v\u00e9nement.&nbsp;<\/p>\n\n\n\n<p>Enfin, place \u00e0 la danse sur les anciens et actuels tubes incontournables et envolons nous ensemble pour une nuit de folie&#8230;<\/p>\n\n\n\n<p>N&#8217;h\u00e9sitez pas \u00e0 me contacter pour des renseignements.&nbsp;<\/p>\n\n\n\n<div class=\"wp-block-columns is-layout-flex wp-container-core-columns-is-layout-9d6595d7 wp-block-columns-is-layout-flex\">\n<div class=\"wp-block-column is-layout-flow wp-block-column-is-layout-flow\" style=\"flex-basis:100%\">\n<div class=\"wp-block-columns is-layout-flex wp-container-core-columns-is-layout-9d6595d7 wp-block-columns-is-layout-flex\">\n<div class=\"wp-block-column is-layout-flow wp-block-column-is-layout-flow\"><\/div>\n\n\n\n<div class=\"wp-block-column is-layout-flow wp-block-column-is-layout-flow\">\n<figure class=\"wp-block-embed is-type-video is-provider-youtube wp-block-embed-youtube wp-embed-aspect-16-9 wp-has-aspect-ratio\"><div class=\"wp-block-embed__wrapper\">\n<iframe loading=\"lazy\" title=\"Dance Monkey-Tones and I by Jnosaxo Cover\" width=\"500\" height=\"281\" src=\"https:\/\/www.youtube.com\/embed\/QSjYiMc34RU?feature=oembed\" frameborder=\"0\" allow=\"accelerometer; autoplay; clipboard-write; encrypted-media; gyroscope; picture-in-picture; web-share\" referrerpolicy=\"strict-origin-when-cross-origin\" allowfullscreen><\/iframe>\n<\/div><\/figure>\n<\/div>\n\n\n\n<div class=\"wp-block-column is-layout-flow wp-block-column-is-layout-flow\"><\/div>\n<\/div>\n<\/div>\n<\/div>\n","protected":false},"excerpt":{"rendered":"<p>Une grande exp\u00e9rience dans le domaine de la musique et de l&#8217;animation me permet de mettre \u00e0 disposition, encore et toujours, mes services afin de r\u00e9ussir votre f\u00eate de mariage, anniversaire, comit\u00e9 d&#8217;entreprise, bal, Ap\u00e9ritif Saxophone. Pour les f\u00eates de mariage, apr\u00e8s une demande sur vos attentes se rapportant \u00e0 l&#8217;animation souhait\u00e9e, Jnosaxo vous propose&nbsp; [&hellip;]<\/p>\n","protected":false},"author":1,"featured_media":0,"parent":0,"menu_order":0,"comment_status":"closed","ping_status":"closed","template":"","meta":{"footnotes":""},"class_list":["post-16","page","type-page","status-publish","hentry"],"_links":{"self":[{"href":"https:\/\/jnosaxo.band\/index.php\/wp-json\/wp\/v2\/pages\/16","targetHints":{"allow":["GET"]}}],"collection":[{"href":"https:\/\/jnosaxo.band\/index.php\/wp-json\/wp\/v2\/pages"}],"about":[{"href":"https:\/\/jnosaxo.band\/index.php\/wp-json\/wp\/v2\/types\/page"}],"author":[{"embeddable":true,"href":"https:\/\/jnosaxo.band\/index.php\/wp-json\/wp\/v2\/users\/1"}],"replies":[{"embeddable":true,"href":"https:\/\/jnosaxo.band\/index.php\/wp-json\/wp\/v2\/comments?post=16"}],"version-history":[{"count":9,"href":"https:\/\/jnosaxo.band\/index.php\/wp-json\/wp\/v2\/pages\/16\/revisions"}],"predecessor-version":[{"id":91,"href":"https:\/\/jnosaxo.band\/index.php\/wp-json\/wp\/v2\/pages\/16\/revisions\/91"}],"wp:attachment":[{"href":"https:\/\/jnosaxo.band\/index.php\/wp-json\/wp\/v2\/media?parent=16"}],"curies":[{"name":"wp","href":"https:\/\/api.w.org\/{rel}","templated":true}]}}